{"id":589,"date":"2023-06-23T16:46:00","date_gmt":"2023-06-23T19:46:00","guid":{"rendered":"http:\/\/polyclima.com.br\/site\/?page_id=589"},"modified":"2023-08-04T14:56:02","modified_gmt":"2023-08-04T17:56:02","slug":"portfolio","status":"publish","type":"page","link":"http:\/\/polyclima.com.br\/site\/portfolio\/","title":{"rendered":"Portf\u00f3lio"},"content":{"rendered":"\t\t<div data-elementor-type=\"wp-page\" data-elementor-id=\"589\" class=\"elementor elementor-589\">\n\t\t\t\t\t\t\t\t\t<section class=\"elementor-section elementor-top-section elementor-element elementor-element-30a56a7f elementor-section-boxed elementor-section-height-default elementor-section-height-default\" data-id=\"30a56a7f\" data-element_type=\"section\">\n\t\t\t\t\t\t<div class=\"elementor-container elementor-column-gap-default\">\n\t\t\t\t\t<div class=\"elementor-column elementor-col-100 elementor-top-column elementor-element elementor-element-786e6ae5\" data-id=\"786e6ae5\" data-element_type=\"column\">\n\t\t\t<div class=\"elementor-widget-wrap elementor-element-populated\">\n\t\t\t\t\t\t\t\t<div class=\"elementor-element elementor-element-40b7f8c1 elementor-widget elementor-widget-text-editor\" data-id=\"40b7f8c1\" data-element_type=\"widget\" data-widget_type=\"text-editor.default\">\n\t\t\t\t<div class=\"elementor-widget-container\">\n\t\t\t<style>\/*! elementor - v3.12.0 - 29-03-2023 *\/\n.elementor-widget-text-editor.elementor-drop-cap-view-stacked .elementor-drop-cap{background-color:#69727d;color:#fff}.elementor-widget-text-editor.elementor-drop-cap-view-framed .elementor-drop-cap{color:#69727d;border:3px solid;background-color:transparent}.elementor-widget-text-editor:not(.elementor-drop-cap-view-default) .elementor-drop-cap{margin-top:8px}.elementor-widget-text-editor:not(.elementor-drop-cap-view-default) .elementor-drop-cap-letter{width:1em;height:1em}.elementor-widget-text-editor .elementor-drop-cap{float:left;text-align:center;line-height:1;font-size:50px}.elementor-widget-text-editor .elementor-drop-cap-letter{display:inline-block}<\/style>\t\t\t\t<!-- wp:paragraph -->\n<p>Nossos projetos e solu\u00e7\u00f5es<\/p>\n<!-- \/wp:paragraph -->\t\t\t\t\t\t<\/div>\n\t\t\t\t<\/div>\n\t\t\t\t\t<\/div>\n\t\t<\/div>\n\t\t\t\t\t\t\t<\/div>\n\t\t<\/section>\n\t\t\t\t<section class=\"elementor-section elementor-top-section elementor-element elementor-element-b258b8d elementor-section-boxed elementor-section-height-default elementor-section-height-default\" data-id=\"b258b8d\" data-element_type=\"section\">\n\t\t\t\t\t\t<div class=\"elementor-container elementor-column-gap-default\">\n\t\t\t\t\t<div class=\"elementor-column elementor-col-33 elementor-top-column elementor-element elementor-element-205b6a2\" data-id=\"205b6a2\" data-element_type=\"column\">\n\t\t\t<div class=\"elementor-widget-wrap elementor-element-populated\">\n\t\t\t\t\t\t\t\t<div class=\"elementor-element elementor-element-1e45c67 elementor-widget elementor-widget-image\" data-id=\"1e45c67\" data-element_type=\"widget\" data-widget_type=\"image.default\">\n\t\t\t\t<div class=\"elementor-widget-container\">\n\t\t\t<style>\/*! elementor - v3.12.0 - 29-03-2023 *\/\n.elementor-widget-image{text-align:center}.elementor-widget-image a{display:inline-block}.elementor-widget-image a img[src$=\".svg\"]{width:48px}.elementor-widget-image img{vertical-align:middle;display:inline-block}<\/style>\t\t\t\t\t\t\t\t\t\t\t\t<img loading=\"lazy\" decoding=\"async\" width=\"1024\" height=\"576\" src=\"http:\/\/polyclima.com.br\/site\/wp-content\/uploads\/2023\/06\/1-2-1024x576.png\" class=\"attachment-large size-large wp-image-604\" alt=\"\" srcset=\"http:\/\/polyclima.com.br\/site\/wp-content\/uploads\/2023\/06\/1-2-1024x576.png 1024w, http:\/\/polyclima.com.br\/site\/wp-content\/uploads\/2023\/06\/1-2-300x169.png 300w, http:\/\/polyclima.com.br\/site\/wp-content\/uploads\/2023\/06\/1-2-768x432.png 768w, http:\/\/polyclima.com.br\/site\/wp-content\/uploads\/2023\/06\/1-2-1536x864.png 1536w, http:\/\/polyclima.com.br\/site\/wp-content\/uploads\/2023\/06\/1-2-1140x641.png 1140w, http:\/\/polyclima.com.br\/site\/wp-content\/uploads\/2023\/06\/1-2-720x405.png 720w, http:\/\/polyclima.com.br\/site\/wp-content\/uploads\/2023\/06\/1-2.png 1920w\" sizes=\"auto, (max-width: 1024px) 100vw, 1024px\" \/>\t\t\t\t\t\t\t\t\t\t\t\t\t\t\t<\/div>\n\t\t\t\t<\/div>\n\t\t\t\t<div class=\"elementor-element elementor-element-903c008 elementor-widget__width-initial elementor-widget elementor-widget-text-editor\" data-id=\"903c008\" data-element_type=\"widget\" data-widget_type=\"text-editor.default\">\n\t\t\t\t<div class=\"elementor-widget-container\">\n\t\t\t\t\t\t\t<p><strong>LOJA MUNDO PET NATAL<\/strong><\/p>\n<p><b>Local<\/b>: Natal\/RN.<br \/><b>Escopo<\/b>: Instala\u00e7\u00e3o de sistema de climatiza\u00e7\u00e3o VRF<br \/><b>Capacidade<\/b>: 92HP<\/p>\t\t\t\t\t\t<\/div>\n\t\t\t\t<\/div>\n\t\t\t\t\t<\/div>\n\t\t<\/div>\n\t\t\t\t<div class=\"elementor-column elementor-col-33 elementor-top-column elementor-element elementor-element-f5b4726\" data-id=\"f5b4726\" data-element_type=\"column\">\n\t\t\t<div class=\"elementor-widget-wrap elementor-element-populated\">\n\t\t\t\t\t\t\t\t<div class=\"elementor-element elementor-element-db2d9ca elementor-widget elementor-widget-image\" data-id=\"db2d9ca\" data-element_type=\"widget\" data-widget_type=\"image.default\">\n\t\t\t\t<div class=\"elementor-widget-container\">\n\t\t\t\t\t\t\t\t\t\t\t\t\t\t\t<img loading=\"lazy\" decoding=\"async\" width=\"1024\" height=\"576\" src=\"http:\/\/polyclima.com.br\/site\/wp-content\/uploads\/2023\/06\/2-4-1024x576.png\" class=\"attachment-large size-large wp-image-615\" alt=\"\" srcset=\"http:\/\/polyclima.com.br\/site\/wp-content\/uploads\/2023\/06\/2-4-1024x576.png 1024w, http:\/\/polyclima.com.br\/site\/wp-content\/uploads\/2023\/06\/2-4-300x169.png 300w, http:\/\/polyclima.com.br\/site\/wp-content\/uploads\/2023\/06\/2-4-768x432.png 768w, http:\/\/polyclima.com.br\/site\/wp-content\/uploads\/2023\/06\/2-4-1536x864.png 1536w, http:\/\/polyclima.com.br\/site\/wp-content\/uploads\/2023\/06\/2-4-1140x641.png 1140w, http:\/\/polyclima.com.br\/site\/wp-content\/uploads\/2023\/06\/2-4-720x405.png 720w, http:\/\/polyclima.com.br\/site\/wp-content\/uploads\/2023\/06\/2-4.png 1920w\" sizes=\"auto, (max-width: 1024px) 100vw, 1024px\" \/>\t\t\t\t\t\t\t\t\t\t\t\t\t\t\t<\/div>\n\t\t\t\t<\/div>\n\t\t\t\t<div class=\"elementor-element elementor-element-2b40ef8 elementor-widget elementor-widget-text-editor\" data-id=\"2b40ef8\" data-element_type=\"widget\" data-widget_type=\"text-editor.default\">\n\t\t\t\t<div class=\"elementor-widget-container\">\n\t\t\t\t\t\t\t<p><strong>UNIMED &#8211; CENTRO DE DISTRIBUI\u00c7\u00c3O (CD)<br \/><\/strong><br \/><strong>Local:<\/strong>\u00a0Parnamirim\/RN<br \/><strong>Escopo:<\/strong> Instala\u00e7\u00e3o de sistema de climatiza\u00e7\u00e3o VRF, exaust\u00e3o e ventila\u00e7\u00e3o<br \/><strong>Capacidade:<\/strong> 44HP<\/p>\t\t\t\t\t\t<\/div>\n\t\t\t\t<\/div>\n\t\t\t\t\t<\/div>\n\t\t<\/div>\n\t\t\t\t<div class=\"elementor-column elementor-col-33 elementor-top-column elementor-element elementor-element-df5a24f\" data-id=\"df5a24f\" data-element_type=\"column\">\n\t\t\t<div class=\"elementor-widget-wrap elementor-element-populated\">\n\t\t\t\t\t\t\t\t<div class=\"elementor-element elementor-element-b9a53ce elementor-widget elementor-widget-image\" data-id=\"b9a53ce\" data-element_type=\"widget\" data-widget_type=\"image.default\">\n\t\t\t\t<div class=\"elementor-widget-container\">\n\t\t\t\t\t\t\t\t\t\t\t\t\t\t\t<img loading=\"lazy\" decoding=\"async\" width=\"1024\" height=\"576\" src=\"http:\/\/polyclima.com.br\/site\/wp-content\/uploads\/2023\/06\/3-3-1024x576.png\" class=\"attachment-large size-large wp-image-619\" alt=\"\" srcset=\"http:\/\/polyclima.com.br\/site\/wp-content\/uploads\/2023\/06\/3-3-1024x576.png 1024w, http:\/\/polyclima.com.br\/site\/wp-content\/uploads\/2023\/06\/3-3-300x169.png 300w, http:\/\/polyclima.com.br\/site\/wp-content\/uploads\/2023\/06\/3-3-768x432.png 768w, http:\/\/polyclima.com.br\/site\/wp-content\/uploads\/2023\/06\/3-3-1536x864.png 1536w, http:\/\/polyclima.com.br\/site\/wp-content\/uploads\/2023\/06\/3-3-1140x641.png 1140w, http:\/\/polyclima.com.br\/site\/wp-content\/uploads\/2023\/06\/3-3-720x405.png 720w, http:\/\/polyclima.com.br\/site\/wp-content\/uploads\/2023\/06\/3-3.png 1920w\" sizes=\"auto, (max-width: 1024px) 100vw, 1024px\" \/>\t\t\t\t\t\t\t\t\t\t\t\t\t\t\t<\/div>\n\t\t\t\t<\/div>\n\t\t\t\t<div class=\"elementor-element elementor-element-8fad5a3 elementor-widget elementor-widget-text-editor\" data-id=\"8fad5a3\" data-element_type=\"widget\" data-widget_type=\"text-editor.default\">\n\t\t\t\t<div class=\"elementor-widget-container\">\n\t\t\t\t\t\t\t<p><strong>UNIMED &#8211; ATEN\u00c7\u00c3O PRIM\u00c1RIA \u00c0 SA\u00daDE (APS)<br \/><\/strong><br \/><strong>Local:<\/strong>\u00a0Natal\/RN<br \/><strong>Escopo:<\/strong> Instala\u00e7\u00e3o de sistema de climatiza\u00e7\u00e3o VRF, exaust\u00e3o e ventila\u00e7\u00e3o<br \/><strong>Capacidade:<\/strong> 54HP<\/p>\t\t\t\t\t\t<\/div>\n\t\t\t\t<\/div>\n\t\t\t\t\t<\/div>\n\t\t<\/div>\n\t\t\t\t\t\t\t<\/div>\n\t\t<\/section>\n\t\t\t\t<section class=\"elementor-section elementor-top-section elementor-element elementor-element-e442c81 elementor-section-boxed elementor-section-height-default elementor-section-height-default\" data-id=\"e442c81\" data-element_type=\"section\">\n\t\t\t\t\t\t<div class=\"elementor-container elementor-column-gap-default\">\n\t\t\t\t\t<div class=\"elementor-column elementor-col-33 elementor-top-column elementor-element elementor-element-f7c778f\" data-id=\"f7c778f\" data-element_type=\"column\">\n\t\t\t<div class=\"elementor-widget-wrap elementor-element-populated\">\n\t\t\t\t\t\t\t\t<div class=\"elementor-element elementor-element-d36a218 elementor-widget elementor-widget-image\" data-id=\"d36a218\" data-element_type=\"widget\" data-widget_type=\"image.default\">\n\t\t\t\t<div class=\"elementor-widget-container\">\n\t\t\t\t\t\t\t\t\t\t\t\t\t\t\t<img loading=\"lazy\" decoding=\"async\" width=\"1024\" height=\"576\" src=\"http:\/\/polyclima.com.br\/site\/wp-content\/uploads\/2023\/06\/4-3-1024x576.png\" class=\"attachment-large size-large wp-image-624\" alt=\"\" srcset=\"http:\/\/polyclima.com.br\/site\/wp-content\/uploads\/2023\/06\/4-3-1024x576.png 1024w, http:\/\/polyclima.com.br\/site\/wp-content\/uploads\/2023\/06\/4-3-300x169.png 300w, http:\/\/polyclima.com.br\/site\/wp-content\/uploads\/2023\/06\/4-3-768x432.png 768w, http:\/\/polyclima.com.br\/site\/wp-content\/uploads\/2023\/06\/4-3-1536x864.png 1536w, http:\/\/polyclima.com.br\/site\/wp-content\/uploads\/2023\/06\/4-3-1140x641.png 1140w, http:\/\/polyclima.com.br\/site\/wp-content\/uploads\/2023\/06\/4-3-720x405.png 720w, http:\/\/polyclima.com.br\/site\/wp-content\/uploads\/2023\/06\/4-3.png 1920w\" sizes=\"auto, (max-width: 1024px) 100vw, 1024px\" \/>\t\t\t\t\t\t\t\t\t\t\t\t\t\t\t<\/div>\n\t\t\t\t<\/div>\n\t\t\t\t<div class=\"elementor-element elementor-element-de9949f elementor-widget__width-initial elementor-widget elementor-widget-text-editor\" data-id=\"de9949f\" data-element_type=\"widget\" data-widget_type=\"text-editor.default\">\n\t\t\t\t<div class=\"elementor-widget-container\">\n\t\t\t\t\t\t\t<p><strong>MATERNIDADE DELFIN GONZALEZ<\/strong><\/p>\n<p><b>Local<\/b>: Natal\/RN<br \/><b>Escopo<\/b>: Elabora\u00e7\u00e3o e instala\u00e7\u00e3o de projeto executivo de climatiza\u00e7\u00e3o de centro cir\u00fargico com filtragem especial HEPA<br \/><b>Capacidade<\/b>: 12TR<\/p>\t\t\t\t\t\t<\/div>\n\t\t\t\t<\/div>\n\t\t\t\t\t<\/div>\n\t\t<\/div>\n\t\t\t\t<div class=\"elementor-column elementor-col-33 elementor-top-column elementor-element elementor-element-871eb31\" data-id=\"871eb31\" data-element_type=\"column\">\n\t\t\t<div class=\"elementor-widget-wrap elementor-element-populated\">\n\t\t\t\t\t\t\t\t<div class=\"elementor-element elementor-element-bbde1fc elementor-widget elementor-widget-image\" data-id=\"bbde1fc\" data-element_type=\"widget\" data-widget_type=\"image.default\">\n\t\t\t\t<div class=\"elementor-widget-container\">\n\t\t\t\t\t\t\t\t\t\t\t\t\t\t\t<img loading=\"lazy\" decoding=\"async\" width=\"1024\" height=\"576\" src=\"http:\/\/polyclima.com.br\/site\/wp-content\/uploads\/2023\/06\/5-1024x576.png\" class=\"attachment-large size-large wp-image-628\" alt=\"\" srcset=\"http:\/\/polyclima.com.br\/site\/wp-content\/uploads\/2023\/06\/5-1024x576.png 1024w, http:\/\/polyclima.com.br\/site\/wp-content\/uploads\/2023\/06\/5-300x169.png 300w, http:\/\/polyclima.com.br\/site\/wp-content\/uploads\/2023\/06\/5-768x432.png 768w, http:\/\/polyclima.com.br\/site\/wp-content\/uploads\/2023\/06\/5-1536x864.png 1536w, http:\/\/polyclima.com.br\/site\/wp-content\/uploads\/2023\/06\/5-1140x641.png 1140w, http:\/\/polyclima.com.br\/site\/wp-content\/uploads\/2023\/06\/5-720x405.png 720w, http:\/\/polyclima.com.br\/site\/wp-content\/uploads\/2023\/06\/5.png 1920w\" sizes=\"auto, (max-width: 1024px) 100vw, 1024px\" \/>\t\t\t\t\t\t\t\t\t\t\t\t\t\t\t<\/div>\n\t\t\t\t<\/div>\n\t\t\t\t<div class=\"elementor-element elementor-element-431c42f elementor-widget elementor-widget-text-editor\" data-id=\"431c42f\" data-element_type=\"widget\" data-widget_type=\"text-editor.default\">\n\t\t\t\t<div class=\"elementor-widget-container\">\n\t\t\t\t\t\t\t<p><strong>MATERNIDADE JANU\u00c1RIO CICCO<br \/><\/strong><br \/><strong>Local:<\/strong>\u00a0Natal\/RN<br \/><strong>Escopo:<\/strong> Instala\u00e7\u00e3o e elabora\u00e7\u00e3o de projeto executivo de climatiza\u00e7\u00e3o com sistema VRF<br \/><strong>Capacidade:<\/strong> 18HP<\/p>\t\t\t\t\t\t<\/div>\n\t\t\t\t<\/div>\n\t\t\t\t\t<\/div>\n\t\t<\/div>\n\t\t\t\t<div class=\"elementor-column elementor-col-33 elementor-top-column elementor-element elementor-element-fa46420\" data-id=\"fa46420\" data-element_type=\"column\">\n\t\t\t<div class=\"elementor-widget-wrap elementor-element-populated\">\n\t\t\t\t\t\t\t\t<div class=\"elementor-element elementor-element-1b88dd4 elementor-widget elementor-widget-image\" data-id=\"1b88dd4\" data-element_type=\"widget\" data-widget_type=\"image.default\">\n\t\t\t\t<div class=\"elementor-widget-container\">\n\t\t\t\t\t\t\t\t\t\t\t\t\t\t\t<img loading=\"lazy\" decoding=\"async\" width=\"1024\" height=\"576\" src=\"http:\/\/polyclima.com.br\/site\/wp-content\/uploads\/2023\/06\/6-1024x576.png\" class=\"attachment-large size-large wp-image-632\" alt=\"\" srcset=\"http:\/\/polyclima.com.br\/site\/wp-content\/uploads\/2023\/06\/6-1024x576.png 1024w, http:\/\/polyclima.com.br\/site\/wp-content\/uploads\/2023\/06\/6-300x169.png 300w, http:\/\/polyclima.com.br\/site\/wp-content\/uploads\/2023\/06\/6-768x432.png 768w, http:\/\/polyclima.com.br\/site\/wp-content\/uploads\/2023\/06\/6-1536x864.png 1536w, http:\/\/polyclima.com.br\/site\/wp-content\/uploads\/2023\/06\/6-1140x641.png 1140w, http:\/\/polyclima.com.br\/site\/wp-content\/uploads\/2023\/06\/6-720x405.png 720w, http:\/\/polyclima.com.br\/site\/wp-content\/uploads\/2023\/06\/6.png 1920w\" sizes=\"auto, (max-width: 1024px) 100vw, 1024px\" \/>\t\t\t\t\t\t\t\t\t\t\t\t\t\t\t<\/div>\n\t\t\t\t<\/div>\n\t\t\t\t<div class=\"elementor-element elementor-element-f3b3be2 elementor-widget elementor-widget-text-editor\" data-id=\"f3b3be2\" data-element_type=\"widget\" data-widget_type=\"text-editor.default\">\n\t\t\t\t<div class=\"elementor-widget-container\">\n\t\t\t\t\t\t\t<p><strong>RESID\u00caNCIA DE ALTO PADR\u00c3O<br \/><\/strong><br \/><strong>Local:<\/strong>\u00a0Ba\u00eda Formosa\/RN<br \/><strong>Escopo:<\/strong> Instala\u00e7\u00e3o e elabora\u00e7\u00e3o de projeto executivo de climatiza\u00e7\u00e3o com sistema VRF<br \/><strong>Capacidade:<\/strong> 18HP<\/p>\t\t\t\t\t\t<\/div>\n\t\t\t\t<\/div>\n\t\t\t\t\t<\/div>\n\t\t<\/div>\n\t\t\t\t\t\t\t<\/div>\n\t\t<\/section>\n\t\t\t\t<section class=\"elementor-section elementor-top-section elementor-element elementor-element-3513abe elementor-section-boxed elementor-section-height-default elementor-section-height-default\" data-id=\"3513abe\" data-element_type=\"section\">\n\t\t\t\t\t\t<div class=\"elementor-container elementor-column-gap-default\">\n\t\t\t\t\t<div class=\"elementor-column elementor-col-33 elementor-top-column elementor-element elementor-element-cdd9259\" data-id=\"cdd9259\" data-element_type=\"column\">\n\t\t\t<div class=\"elementor-widget-wrap elementor-element-populated\">\n\t\t\t\t\t\t\t\t<div class=\"elementor-element elementor-element-7060e91 elementor-widget elementor-widget-image\" data-id=\"7060e91\" data-element_type=\"widget\" data-widget_type=\"image.default\">\n\t\t\t\t<div class=\"elementor-widget-container\">\n\t\t\t\t\t\t\t\t\t\t\t\t\t\t\t<img loading=\"lazy\" decoding=\"async\" width=\"1024\" height=\"576\" src=\"http:\/\/polyclima.com.br\/site\/wp-content\/uploads\/2023\/06\/7-1024x576.png\" class=\"attachment-large size-large wp-image-637\" alt=\"\" srcset=\"http:\/\/polyclima.com.br\/site\/wp-content\/uploads\/2023\/06\/7-1024x576.png 1024w, http:\/\/polyclima.com.br\/site\/wp-content\/uploads\/2023\/06\/7-300x169.png 300w, http:\/\/polyclima.com.br\/site\/wp-content\/uploads\/2023\/06\/7-768x432.png 768w, http:\/\/polyclima.com.br\/site\/wp-content\/uploads\/2023\/06\/7-1536x864.png 1536w, http:\/\/polyclima.com.br\/site\/wp-content\/uploads\/2023\/06\/7-1140x641.png 1140w, http:\/\/polyclima.com.br\/site\/wp-content\/uploads\/2023\/06\/7-720x405.png 720w, http:\/\/polyclima.com.br\/site\/wp-content\/uploads\/2023\/06\/7.png 1920w\" sizes=\"auto, (max-width: 1024px) 100vw, 1024px\" \/>\t\t\t\t\t\t\t\t\t\t\t\t\t\t\t<\/div>\n\t\t\t\t<\/div>\n\t\t\t\t<div class=\"elementor-element elementor-element-c2b62af elementor-widget__width-initial elementor-widget elementor-widget-text-editor\" data-id=\"c2b62af\" data-element_type=\"widget\" data-widget_type=\"text-editor.default\">\n\t\t\t\t<div class=\"elementor-widget-container\">\n\t\t\t\t\t\t\t<p><strong>ESCRIT\u00d3RIO BOOKING.COM<\/strong><\/p>\n<p><b>Local<\/b>: Natal\/RN<br \/><b>Escopo<\/b>: Instala\u00e7\u00e3o de sistema de climatiza\u00e7\u00e3o VRF<br \/><b>Capacidade<\/b>: 18HP<\/p>\t\t\t\t\t\t<\/div>\n\t\t\t\t<\/div>\n\t\t\t\t\t<\/div>\n\t\t<\/div>\n\t\t\t\t<div class=\"elementor-column elementor-col-33 elementor-top-column elementor-element elementor-element-152c514\" data-id=\"152c514\" data-element_type=\"column\">\n\t\t\t<div class=\"elementor-widget-wrap elementor-element-populated\">\n\t\t\t\t\t\t\t\t<div class=\"elementor-element elementor-element-6842f77 elementor-widget elementor-widget-image\" data-id=\"6842f77\" data-element_type=\"widget\" data-widget_type=\"image.default\">\n\t\t\t\t<div class=\"elementor-widget-container\">\n\t\t\t\t\t\t\t\t\t\t\t\t\t\t\t<img loading=\"lazy\" decoding=\"async\" width=\"1024\" height=\"576\" src=\"http:\/\/polyclima.com.br\/site\/wp-content\/uploads\/2023\/06\/8-1024x576.png\" class=\"attachment-large size-large wp-image-641\" alt=\"\" srcset=\"http:\/\/polyclima.com.br\/site\/wp-content\/uploads\/2023\/06\/8-1024x576.png 1024w, http:\/\/polyclima.com.br\/site\/wp-content\/uploads\/2023\/06\/8-300x169.png 300w, http:\/\/polyclima.com.br\/site\/wp-content\/uploads\/2023\/06\/8-768x432.png 768w, http:\/\/polyclima.com.br\/site\/wp-content\/uploads\/2023\/06\/8-1536x864.png 1536w, http:\/\/polyclima.com.br\/site\/wp-content\/uploads\/2023\/06\/8-1140x641.png 1140w, http:\/\/polyclima.com.br\/site\/wp-content\/uploads\/2023\/06\/8-720x405.png 720w, http:\/\/polyclima.com.br\/site\/wp-content\/uploads\/2023\/06\/8.png 1920w\" sizes=\"auto, (max-width: 1024px) 100vw, 1024px\" \/>\t\t\t\t\t\t\t\t\t\t\t\t\t\t\t<\/div>\n\t\t\t\t<\/div>\n\t\t\t\t<div class=\"elementor-element elementor-element-99af8dc elementor-widget elementor-widget-text-editor\" data-id=\"99af8dc\" data-element_type=\"widget\" data-widget_type=\"text-editor.default\">\n\t\t\t\t<div class=\"elementor-widget-container\">\n\t\t\t\t\t\t\t<p><strong>CENTRO DE LAN\u00c7AMENTO DA BARREIRA DO INFERNO (CLBI)<br \/><\/strong><br \/><strong>Local:<\/strong>\u00a0Natal\/RN<br \/><strong>Escopo:<\/strong> Retrofit de 3 split\u00f5es com duplo est\u00e1gio e instala\u00e7\u00e3o de controlador program\u00e1vel de hor\u00e1rio<br \/><strong>Capacidade:<\/strong> 15TR<\/p>\t\t\t\t\t\t<\/div>\n\t\t\t\t<\/div>\n\t\t\t\t\t<\/div>\n\t\t<\/div>\n\t\t\t\t<div class=\"elementor-column elementor-col-33 elementor-top-column elementor-element elementor-element-ec7e583\" data-id=\"ec7e583\" data-element_type=\"column\">\n\t\t\t<div class=\"elementor-widget-wrap elementor-element-populated\">\n\t\t\t\t\t\t\t\t<div class=\"elementor-element elementor-element-cbe4637 elementor-widget elementor-widget-image\" data-id=\"cbe4637\" data-element_type=\"widget\" data-widget_type=\"image.default\">\n\t\t\t\t<div class=\"elementor-widget-container\">\n\t\t\t\t\t\t\t\t\t\t\t\t\t\t\t<img loading=\"lazy\" decoding=\"async\" width=\"1024\" height=\"576\" src=\"http:\/\/polyclima.com.br\/site\/wp-content\/uploads\/2023\/06\/10-1024x576.png\" class=\"attachment-large size-large wp-image-646\" alt=\"\" srcset=\"http:\/\/polyclima.com.br\/site\/wp-content\/uploads\/2023\/06\/10-1024x576.png 1024w, http:\/\/polyclima.com.br\/site\/wp-content\/uploads\/2023\/06\/10-300x169.png 300w, http:\/\/polyclima.com.br\/site\/wp-content\/uploads\/2023\/06\/10-768x432.png 768w, http:\/\/polyclima.com.br\/site\/wp-content\/uploads\/2023\/06\/10-1536x864.png 1536w, http:\/\/polyclima.com.br\/site\/wp-content\/uploads\/2023\/06\/10-1140x641.png 1140w, http:\/\/polyclima.com.br\/site\/wp-content\/uploads\/2023\/06\/10-720x405.png 720w, http:\/\/polyclima.com.br\/site\/wp-content\/uploads\/2023\/06\/10.png 1920w\" sizes=\"auto, (max-width: 1024px) 100vw, 1024px\" \/>\t\t\t\t\t\t\t\t\t\t\t\t\t\t\t<\/div>\n\t\t\t\t<\/div>\n\t\t\t\t<div class=\"elementor-element elementor-element-587ddcf elementor-widget elementor-widget-text-editor\" data-id=\"587ddcf\" data-element_type=\"widget\" data-widget_type=\"text-editor.default\">\n\t\t\t\t<div class=\"elementor-widget-container\">\n\t\t\t\t\t\t\t<p><strong>ESCRIT\u00d3RIO ENERFIN BRASIL SOCIEDADE DE ENERGIA<br \/><\/strong><br \/><strong>Local:<\/strong>\u00a0Natal\/RN<br \/><strong>Escopo:<\/strong> Elabora\u00e7\u00e3o e instala\u00e7\u00e3o de projeto executivo de climatiza\u00e7\u00e3o com o sistema VRF<br \/><strong>Capacidade:<\/strong> 12HP<\/p>\t\t\t\t\t\t<\/div>\n\t\t\t\t<\/div>\n\t\t\t\t\t<\/div>\n\t\t<\/div>\n\t\t\t\t\t\t\t<\/div>\n\t\t<\/section>\n\t\t\t\t\t\t\t<\/div>\n\t\t","protected":false},"excerpt":{"rendered":"<p>Nossos projetos e solu\u00e7\u00f5es LOJA MUNDO PET NATAL Local: Natal\/RN.Escopo: Instala\u00e7\u00e3o de sistema de climatiza\u00e7\u00e3o VRFCapacidade: 92HP UNIMED &#8211; CENTRO DE DISTRIBUI\u00c7\u00c3O (CD)Local:\u00a0Parnamirim\/RNEscopo: Instala\u00e7\u00e3o de sistema de climatiza\u00e7\u00e3o VRF, exaust\u00e3o e ventila\u00e7\u00e3oCapacidade: 44HP UNIMED &#8211; ATEN\u00c7\u00c3O PRIM\u00c1RIA \u00c0 SA\u00daDE (APS)Local:\u00a0Natal\/RNEscopo: Instala\u00e7\u00e3o de sistema de climatiza\u00e7\u00e3o VRF, exaust\u00e3o e ventila\u00e7\u00e3oCapacidade: 54HP MATERNIDADE DELFIN GONZALEZ Local: Natal\/RNEscopo:&hellip;<\/p>\n","protected":false},"author":1,"featured_media":0,"parent":0,"menu_order":0,"comment_status":"closed","ping_status":"closed","template":"","meta":{"_joinchat":[],"footnotes":""},"class_list":["post-589","page","type-page","status-publish","hentry"],"_links":{"self":[{"href":"http:\/\/polyclima.com.br\/site\/wp-json\/wp\/v2\/pages\/589","targetHints":{"allow":["GET"]}}],"collection":[{"href":"http:\/\/polyclima.com.br\/site\/wp-json\/wp\/v2\/pages"}],"about":[{"href":"http:\/\/polyclima.com.br\/site\/wp-json\/wp\/v2\/types\/page"}],"author":[{"embeddable":true,"href":"http:\/\/polyclima.com.br\/site\/wp-json\/wp\/v2\/users\/1"}],"replies":[{"embeddable":true,"href":"http:\/\/polyclima.com.br\/site\/wp-json\/wp\/v2\/comments?post=589"}],"version-history":[{"count":67,"href":"http:\/\/polyclima.com.br\/site\/wp-json\/wp\/v2\/pages\/589\/revisions"}],"predecessor-version":[{"id":1137,"href":"http:\/\/polyclima.com.br\/site\/wp-json\/wp\/v2\/pages\/589\/revisions\/1137"}],"wp:attachment":[{"href":"http:\/\/polyclima.com.br\/site\/wp-json\/wp\/v2\/media?parent=589"}],"curies":[{"name":"wp","href":"https:\/\/api.w.org\/{rel}","templated":true}]}}