{"id":679,"date":"2023-06-30T16:01:53","date_gmt":"2023-06-30T19:01:53","guid":{"rendered":"http:\/\/polyclima.com.br\/site\/?page_id=679"},"modified":"2023-08-04T14:49:52","modified_gmt":"2023-08-04T17:49:52","slug":"quem-somos","status":"publish","type":"page","link":"http:\/\/polyclima.com.br\/site\/quem-somos\/","title":{"rendered":"Quem Somos"},"content":{"rendered":"\n<p><strong>Desde 1995 oferecendo solu\u00e7\u00f5es em climatiza\u00e7\u00e3o.<\/strong><\/p>\n\n\n<div class=\"wp-block-image\">\n<figure class=\"alignleft size-large is-resized\"><img loading=\"lazy\" decoding=\"async\" src=\"http:\/\/polyclima.com.br\/site\/wp-content\/uploads\/2023\/06\/imagem_escritorio-1024x539.jpg\" alt=\"\" class=\"wp-image-502\" width=\"770\" height=\"404\" srcset=\"http:\/\/polyclima.com.br\/site\/wp-content\/uploads\/2023\/06\/imagem_escritorio-1024x539.jpg 1024w, http:\/\/polyclima.com.br\/site\/wp-content\/uploads\/2023\/06\/imagem_escritorio-300x158.jpg 300w, http:\/\/polyclima.com.br\/site\/wp-content\/uploads\/2023\/06\/imagem_escritorio-768x404.jpg 768w, http:\/\/polyclima.com.br\/site\/wp-content\/uploads\/2023\/06\/imagem_escritorio.jpg 1180w\" sizes=\"auto, (max-width: 770px) 100vw, 770px\" \/><\/figure>\n<\/div>\n\n\n<p>A Polyclima atua h\u00e1 28 anos na presta\u00e7\u00e3o de servi\u00e7os de refrigera\u00e7\u00e3o e climatiza\u00e7\u00e3o, e ao longo de sua trajet\u00f3ria vem acompanhando a moderniza\u00e7\u00e3o do setor. <br><br>Iniciamos nossas atividades em mar\u00e7o de 1995 com atendimento ao setor p\u00fablico com foco na manuten\u00e7\u00e3o preventiva e corretiva e nos \u00faltimos 8 anos com o desenvolvimento tecnol\u00f3gico dos sistemas focamos nossa atua\u00e7\u00e3o no segmento pessoa jur\u00eddica empresarial, ampliando nossa equipe t\u00e9cnica de engenharia mec\u00e2nica e civil oferecendo solu\u00e7\u00f5es t\u00e9cnicas e adequadas para cada empreendimento.<br><br><br><\/p>\n\n\n\n<p><strong>Pedro Flavio Queiroz Barbosa<\/strong><br>S\u00f3cio Gerente<\/p>\n\n\n\n<p><strong>Mucio Azevedo<\/strong><br>Eng. Civil<\/p>\n\n\n\n<p><strong>Rony Oliveira de Santana<\/strong><br>Eng. Mec\u00e2nico \u2013 Projetista e Coordenador da equipe t\u00e9cnica<\/p>\n","protected":false},"excerpt":{"rendered":"<p>Desde 1995 oferecendo solu\u00e7\u00f5es em climatiza\u00e7\u00e3o. A Polyclima atua h\u00e1 28 anos na presta\u00e7\u00e3o de servi\u00e7os de refrigera\u00e7\u00e3o e climatiza\u00e7\u00e3o, e ao longo de sua trajet\u00f3ria vem acompanhando a moderniza\u00e7\u00e3o do setor. Iniciamos nossas atividades em mar\u00e7o de 1995 com atendimento ao setor p\u00fablico com foco na manuten\u00e7\u00e3o preventiva e corretiva e nos \u00faltimos 8&hellip;<\/p>\n","protected":false},"author":1,"featured_media":0,"parent":0,"menu_order":0,"comment_status":"closed","ping_status":"closed","template":"","meta":{"_joinchat":[],"footnotes":""},"class_list":["post-679","page","type-page","status-publish","hentry"],"_links":{"self":[{"href":"http:\/\/polyclima.com.br\/site\/wp-json\/wp\/v2\/pages\/679","targetHints":{"allow":["GET"]}}],"collection":[{"href":"http:\/\/polyclima.com.br\/site\/wp-json\/wp\/v2\/pages"}],"about":[{"href":"http:\/\/polyclima.com.br\/site\/wp-json\/wp\/v2\/types\/page"}],"author":[{"embeddable":true,"href":"http:\/\/polyclima.com.br\/site\/wp-json\/wp\/v2\/users\/1"}],"replies":[{"embeddable":true,"href":"http:\/\/polyclima.com.br\/site\/wp-json\/wp\/v2\/comments?post=679"}],"version-history":[{"count":11,"href":"http:\/\/polyclima.com.br\/site\/wp-json\/wp\/v2\/pages\/679\/revisions"}],"predecessor-version":[{"id":1128,"href":"http:\/\/polyclima.com.br\/site\/wp-json\/wp\/v2\/pages\/679\/revisions\/1128"}],"wp:attachment":[{"href":"http:\/\/polyclima.com.br\/site\/wp-json\/wp\/v2\/media?parent=679"}],"curies":[{"name":"wp","href":"https:\/\/api.w.org\/{rel}","templated":true}]}}